{"id":67,"date":"2023-07-18T09:31:28","date_gmt":"2023-07-18T09:31:28","guid":{"rendered":"https:\/\/lichtblicke-bestattung.de\/?page_id=67"},"modified":"2025-12-02T15:40:29","modified_gmt":"2025-12-02T15:40:29","slug":"bestattung-im-wandel","status":"publish","type":"page","link":"https:\/\/lichtblicke-bestattung.de\/?page_id=67","title":{"rendered":"Bestattung im Wandel"},"content":{"rendered":"\n<p>Bestattung im Wandel \u2013 ein altes Thema neu gedacht\u2026<\/p>\n\n\n\n<p>Der Bestattungsmarkt wandelt sich genau wie unsere Gesellschaft. Diese Ver\u00e4nderung ist oft bewusst gewollt: Der Wunsch nach &#8222;gut und g\u00fcnstig&#8220; ist unaufhaltsam. Das ist kein Grund, dies negativ zu bewerten, denn es sind bei Weitem nicht nur einkommensschwache Schichten, die so denken.<\/p>\n\n\n\n<p>Wer nach dem Motto &#8222;Ich lebe im Hier und Jetzt&#8220; handelt, hinterl\u00e4sst oft kein gro\u00dfes Erbe, und auch die Angeh\u00f6rigen verf\u00fcgen h\u00e4ufig \u00fcber keine gro\u00dfen R\u00fccklagen. Doch selbst wenn gespart wurde, zehren oft lange Pflegebed\u00fcrftigkeit das Verm\u00f6gen auf. Der Tod tritt dann \u2013 finanziell betrachtet \u2013 meist unpassend und mit hohen Kosten verbunden ein.<\/p>\n\n\n\n<p>Zudem haben sich unsere Lebensumst\u00e4nde ge\u00e4ndert. Familien leben oft \u00fcber L\u00e4nder verstreut. Ein Grab kann, wenn \u00fcberhaupt, nur selten an Feiertagen besucht werden. Eine aufwendige Dauergrabpflege kommt daher f\u00fcr viele nicht mehr infrage.<\/p>\n\n\n\n<p>Pflegeleichte und kosteng\u00fcnstige Alternativen entsprechen also dem Zeitgeist und dem Wunsch der Mehrheit. Das bedeutet keineswegs, dass weniger getrauert wird. Trauer ist individuell: Der eine baut sich zu Hause einen kleinen Gedenkplatz mit Kerzen, der andere tr\u00e4gt das Foto des Verstorbenen t\u00e4glich im Geldbeutel.<\/p>\n\n\n\n<p>Wir verurteilen niemanden, dem die Mittel fehlen oder dem ein klassisches Grab nicht zusagt. Vielmehr m\u00f6chten wir passende L\u00f6sungen bieten. Mit einfachen, transparenten Paketen und viel Einf\u00fchlungsverm\u00f6gen stehen wir Ihnen zur Seite. Da staatliche Aufkl\u00e4rung zur Bestattungsvorsorge oft fehlt, sehen wir es als unsere Aufgabe an, hier zu helfen.<\/p>\n\n\n\n<p><strong>Wir sind stolz darauf, durch unser Konzept preiswerte Bestattungen in hoher Qualit\u00e4t anbieten zu k\u00f6nnen.<\/strong><\/p>\n","protected":false},"excerpt":{"rendered":"<p>Bestattung im Wandel \u2013 ein altes Thema neu gedacht\u2026 Der Bestattungsmarkt wandelt sich genau wie unsere Gesellschaft. Diese Ver\u00e4nderung ist oft bewusst gewollt: Der Wunsch nach &#8222;gut und g\u00fcnstig&#8220; ist unaufhaltsam. Das ist kein Grund, dies negativ zu bewerten, denn es sind bei Weitem nicht nur einkommensschwache Schichten, die so denken. Wer nach dem Motto &hellip; <\/p>\n<p class=\"link-more\"><a href=\"https:\/\/lichtblicke-bestattung.de\/?page_id=67\" class=\"more-link\"><span class=\"screen-reader-text\">\u201eBestattung im Wandel\u201c<\/span> weiterlesen<\/a><\/p>\n","protected":false},"author":1,"featured_media":42,"parent":0,"menu_order":0,"comment_status":"closed","ping_status":"closed","template":"","meta":{"footnotes":""},"_links":{"self":[{"href":"https:\/\/lichtblicke-bestattung.de\/index.php?rest_route=\/wp\/v2\/pages\/67"}],"collection":[{"href":"https:\/\/lichtblicke-bestattung.de\/index.php?rest_route=\/wp\/v2\/pages"}],"about":[{"href":"https:\/\/lichtblicke-bestattung.de\/index.php?rest_route=\/wp\/v2\/types\/page"}],"author":[{"embeddable":true,"href":"https:\/\/lichtblicke-bestattung.de\/index.php?rest_route=\/wp\/v2\/users\/1"}],"replies":[{"embeddable":true,"href":"https:\/\/lichtblicke-bestattung.de\/index.php?rest_route=%2Fwp%2Fv2%2Fcomments&post=67"}],"version-history":[{"count":4,"href":"https:\/\/lichtblicke-bestattung.de\/index.php?rest_route=\/wp\/v2\/pages\/67\/revisions"}],"predecessor-version":[{"id":175,"href":"https:\/\/lichtblicke-bestattung.de\/index.php?rest_route=\/wp\/v2\/pages\/67\/revisions\/175"}],"wp:featuredmedia":[{"embeddable":true,"href":"https:\/\/lichtblicke-bestattung.de\/index.php?rest_route=\/wp\/v2\/media\/42"}],"wp:attachment":[{"href":"https:\/\/lichtblicke-bestattung.de\/index.php?rest_route=%2Fwp%2Fv2%2Fmedia&parent=67"}],"curies":[{"name":"wp","href":"https:\/\/api.w.org\/{rel}","templated":true}]}}