{"id":66,"date":"2023-07-18T10:47:27","date_gmt":"2023-07-18T10:47:27","guid":{"rendered":"https:\/\/lichtblicke-bestattung.de\/?page_id=66"},"modified":"2024-07-25T08:48:17","modified_gmt":"2024-07-25T08:48:17","slug":"impressum","status":"publish","type":"page","link":"https:\/\/lichtblicke-bestattung.de\/?page_id=66","title":{"rendered":"Impressum"},"content":{"rendered":"\n<p>Lichtblicke Bestattung<br>Tennenbacher Stra\u00dfe 50<br>79106 Freiburg<br>Telefon:\u00a0<a href=\"tel:+49761282930\" target=\"_blank\" rel=\"noreferrer noopener\">0761 \/ 2<\/a>7 33 44<br>E-mail:\u00a0<a href=\"mailto:info@bestattungsinstitut-mueller.de\">info<\/a>@lichtblicke-bestattung.de<\/p>\n\n\n\n<p>Eine Marke von: M\u00fcller Bestattungen GmbH<\/p>\n\n\n\n<p>Inhaber:<br>M\u00fcller Bestattungen GmbH<br>Gesch\u00e4ftsf\u00fchrung: Karl-Heinz M\u00fcller, Mario M\u00fcller, Sandra M\u00fcller<br>Tennenbacher Str. 46, D-79106 Freiburg<br>HRB 731264 \/\u00a0Registergericht Freiburg<br>Ust-ID Nr.: DE142052951<\/p>\n\n\n\n<p>Inhaltlich Verantwortlicher gem\u00e4\u00df \u00a76 MDStV<\/p>\n\n\n\n<p>Kontakt: Frau Sandra M\u00fcller<\/p>\n\n\n\n<p><\/p>\n\n\n\n<p>T<\/p>\n\n\n\n<p><strong>Recht\u00adli\u00adcher Hin\u00adweis:<\/strong>&nbsp;Die EU hat ein On\u00adline-Ver\u00adfah\u00adren zur Bei\u00adle\u00adgung von Strei\u00adtig\u00adkei\u00adten zwi\u00adschen Un\u00adter\u00adneh\u00admern und Ver\u00adbrau\u00adchern ge\u00adschaf\u00adfen. In\u00adfor\u00adma\u00adtio\u00adnen dazu fin\u00adden Sie unter&nbsp;<a rel=\"noreferrer noopener\" href=\"https:\/\/ec.europa.eu\/consumers\/odr\/\" target=\"_blank\">https:\/\/\u200bec.\u200beuropa.\u200beu\/\u200bconsumers\/\u200bodr\/<\/a><\/p>\n\n\n\n<p>Wir be\u00adtei\u00adligen uns nicht an einem Streit\u00adbei\u00adle\u00adgungs\u00adver\u00adfah\u00adren vor einer Ver\u00adbrau\u00adcher\u00adschlich\u00adtungs\u00adstel\u00adle.<\/p>\n\n\n\n<p><\/p>\n","protected":false},"excerpt":{"rendered":"<p>Lichtblicke BestattungTennenbacher Stra\u00dfe 5079106 FreiburgTelefon:\u00a00761 \/ 27 33 44E-mail:\u00a0info@lichtblicke-bestattung.de Eine Marke von: M\u00fcller Bestattungen GmbH Inhaber:M\u00fcller Bestattungen GmbHGesch\u00e4ftsf\u00fchrung: Karl-Heinz M\u00fcller, Mario M\u00fcller, Sandra M\u00fcllerTennenbacher Str. 46, D-79106 FreiburgHRB 731264 \/\u00a0Registergericht FreiburgUst-ID Nr.: DE142052951 Inhaltlich Verantwortlicher gem\u00e4\u00df \u00a76 MDStV Kontakt: Frau Sandra M\u00fcller T Recht\u00adli\u00adcher Hin\u00adweis:&nbsp;Die EU hat ein On\u00adline-Ver\u00adfah\u00adren zur Bei\u00adle\u00adgung von Strei\u00adtig\u00adkei\u00adten zwi\u00adschen Un\u00adter\u00adneh\u00admern &hellip; <\/p>\n<p class=\"link-more\"><a href=\"https:\/\/lichtblicke-bestattung.de\/?page_id=66\" class=\"more-link\"><span class=\"screen-reader-text\">\u201eImpressum\u201c<\/span> weiterlesen<\/a><\/p>\n","protected":false},"author":1,"featured_media":90,"parent":0,"menu_order":0,"comment_status":"closed","ping_status":"closed","template":"","meta":{"footnotes":""},"_links":{"self":[{"href":"https:\/\/lichtblicke-bestattung.de\/index.php?rest_route=\/wp\/v2\/pages\/66"}],"collection":[{"href":"https:\/\/lichtblicke-bestattung.de\/index.php?rest_route=\/wp\/v2\/pages"}],"about":[{"href":"https:\/\/lichtblicke-bestattung.de\/index.php?rest_route=\/wp\/v2\/types\/page"}],"author":[{"embeddable":true,"href":"https:\/\/lichtblicke-bestattung.de\/index.php?rest_route=\/wp\/v2\/users\/1"}],"replies":[{"embeddable":true,"href":"https:\/\/lichtblicke-bestattung.de\/index.php?rest_route=%2Fwp%2Fv2%2Fcomments&post=66"}],"version-history":[{"count":6,"href":"https:\/\/lichtblicke-bestattung.de\/index.php?rest_route=\/wp\/v2\/pages\/66\/revisions"}],"predecessor-version":[{"id":161,"href":"https:\/\/lichtblicke-bestattung.de\/index.php?rest_route=\/wp\/v2\/pages\/66\/revisions\/161"}],"wp:featuredmedia":[{"embeddable":true,"href":"https:\/\/lichtblicke-bestattung.de\/index.php?rest_route=\/wp\/v2\/media\/90"}],"wp:attachment":[{"href":"https:\/\/lichtblicke-bestattung.de\/index.php?rest_route=%2Fwp%2Fv2%2Fmedia&parent=66"}],"curies":[{"name":"wp","href":"https:\/\/api.w.org\/{rel}","templated":true}]}}