{"id":17,"date":"2023-07-18T08:00:47","date_gmt":"2023-07-18T08:00:47","guid":{"rendered":"https:\/\/lichtblicke-bestattung.de\/?page_id=17"},"modified":"2023-07-18T09:25:12","modified_gmt":"2023-07-18T09:25:12","slug":"startseite","status":"publish","type":"page","link":"https:\/\/lichtblicke-bestattung.de\/","title":{"rendered":"Startseite"},"content":{"rendered":"\n<p><strong>Preiswert &amp; Fair. \u2013 Wir beraten Sie gerne!<\/strong><\/p>\n\n\n\n<p>Der Tod, kein erw\u00fcnschter Besucher<br>Er zieht ungefragt und unerw\u00fcnscht ein. Seine Anwesenheit kostet<br>unglaubliche Energie und hinterl\u00e4sst verzweifelte Seelen.<br>Ein unliebsamer Besucher, der ein Leben wegnimmt und Menschen<br>in Trauer und Einsamkeit st\u00fcrzt und mit vielen Fragen zur\u00fcck l\u00e4sst.<br><\/p>\n","protected":false},"excerpt":{"rendered":"<p>Preiswert &amp; Fair. \u2013 Wir beraten Sie gerne! Der Tod, kein erw\u00fcnschter BesucherEr zieht ungefragt und unerw\u00fcnscht ein. Seine Anwesenheit kostetunglaubliche Energie und hinterl\u00e4sst verzweifelte Seelen.Ein unliebsamer Besucher, der ein Leben wegnimmt und Menschenin Trauer und Einsamkeit st\u00fcrzt und mit vielen Fragen zur\u00fcck l\u00e4sst.<\/p>\n","protected":false},"author":1,"featured_media":40,"parent":0,"menu_order":0,"comment_status":"closed","ping_status":"closed","template":"","meta":{"footnotes":""},"_links":{"self":[{"href":"https:\/\/lichtblicke-bestattung.de\/index.php?rest_route=\/wp\/v2\/pages\/17"}],"collection":[{"href":"https:\/\/lichtblicke-bestattung.de\/index.php?rest_route=\/wp\/v2\/pages"}],"about":[{"href":"https:\/\/lichtblicke-bestattung.de\/index.php?rest_route=\/wp\/v2\/types\/page"}],"author":[{"embeddable":true,"href":"https:\/\/lichtblicke-bestattung.de\/index.php?rest_route=\/wp\/v2\/users\/1"}],"replies":[{"embeddable":true,"href":"https:\/\/lichtblicke-bestattung.de\/index.php?rest_route=%2Fwp%2Fv2%2Fcomments&post=17"}],"version-history":[{"count":3,"href":"https:\/\/lichtblicke-bestattung.de\/index.php?rest_route=\/wp\/v2\/pages\/17\/revisions"}],"predecessor-version":[{"id":59,"href":"https:\/\/lichtblicke-bestattung.de\/index.php?rest_route=\/wp\/v2\/pages\/17\/revisions\/59"}],"wp:featuredmedia":[{"embeddable":true,"href":"https:\/\/lichtblicke-bestattung.de\/index.php?rest_route=\/wp\/v2\/media\/40"}],"wp:attachment":[{"href":"https:\/\/lichtblicke-bestattung.de\/index.php?rest_route=%2Fwp%2Fv2%2Fmedia&parent=17"}],"curies":[{"name":"wp","href":"https:\/\/api.w.org\/{rel}","templated":true}]}}